{"id":11494,"date":"2022-10-27T10:04:37","date_gmt":"2022-10-27T08:04:37","guid":{"rendered":"https:\/\/rohr.ch\/produit\/tiles\/"},"modified":"2024-05-07T11:41:50","modified_gmt":"2024-05-07T09:41:50","slug":"tiles","status":"publish","type":"product","link":"https:\/\/rohr.ch\/en\/produit\/tiles\/","title":{"rendered":"Pav\u00e9s"},"content":{"rendered":"<p>Mr. Stankovitch crafted the &#8216;pav\u00e9 glac\u00e9&#8217; (coated tile) in 1936 at the Rangel confectionery on rue de la Corraterie. As a part of their collaboration, my grandfather Hans Rohr was graciously provided with the recipe. He started making this specialty in that very year. For over 70 years, Rohr has remained the sole producer of Geneva pav\u00e9s following the original recipe.<\/p>\n","protected":false},"excerpt":{"rendered":"<p>Mr. Stankovitch crafted the &#8216;pav\u00e9 glac\u00e9&#8217; (coated tile) in 1936 at the Rangel confectionery on rue de la Corraterie. As a part of their collaboration, my grandfather Hans Rohr was graciously provided with the recipe. He started making this specialty in that very year. For over 70 years, Rohr has remained the sole producer of [&hellip;]<\/p>\n","protected":false},"featured_media":10930,"template":"","meta":[],"product_cat":[226],"product_tag":[225],"yoast_head":"<!-- This site is optimized with the Yoast SEO plugin v24.0 - https:\/\/yoast.com\/wordpress\/plugins\/seo\/ -->\n<title>Pav\u00e9s - Chocolaterie Rohr<\/title>\n<meta name=\"robots\" content=\"index, follow, max-snippet:-1, max-image-preview:large, max-video-preview:-1\" \/>\n<link rel=\"canonical\" href=\"https:\/\/rohr.ch\/en\/produit\/tiles\/\" \/>\n<meta property=\"og:locale\" content=\"en_US\" \/>\n<meta property=\"og:type\" content=\"article\" \/>\n<meta property=\"og:title\" content=\"Pav\u00e9s - Chocolaterie Rohr\" \/>\n<meta property=\"og:description\" content=\"Mr. Stankovitch crafted the &#8216;pav\u00e9 glac\u00e9&#8217; (coated tile) in 1936 at the Rangel confectionery on rue de la Corraterie. As a part of their collaboration, my grandfather Hans Rohr was graciously provided with the recipe. He started making this specialty in that very year. For over 70 years, Rohr has remained the sole producer of [&hellip;]\" \/>\n<meta property=\"og:url\" content=\"https:\/\/rohr.ch\/en\/produit\/tiles\/\" \/>\n<meta property=\"og:site_name\" content=\"Chocolaterie Rohr\" \/>\n<meta property=\"article:modified_time\" content=\"2024-05-07T09:41:50+00:00\" \/>\n<meta property=\"og:image\" content=\"https:\/\/rohr.ch\/wp-content\/uploads\/2022\/10\/Famille-Pave\u0301s-Glace\u0301s-Edit-scaled.jpg\" \/>\n\t<meta property=\"og:image:width\" content=\"2560\" \/>\n\t<meta property=\"og:image:height\" content=\"2560\" \/>\n\t<meta property=\"og:image:type\" content=\"image\/jpeg\" \/>\n<meta name=\"twitter:card\" content=\"summary_large_image\" \/>\n<script type=\"application\/ld+json\" class=\"yoast-schema-graph\">{\"@context\":\"https:\/\/schema.org\",\"@graph\":[{\"@type\":\"WebPage\",\"@id\":\"https:\/\/rohr.ch\/en\/produit\/tiles\/\",\"url\":\"https:\/\/rohr.ch\/en\/produit\/tiles\/\",\"name\":\"Pav\u00e9s - Chocolaterie Rohr\",\"isPartOf\":{\"@id\":\"https:\/\/rohr.ch\/en\/#website\"},\"primaryImageOfPage\":{\"@id\":\"https:\/\/rohr.ch\/en\/produit\/tiles\/#primaryimage\"},\"image\":{\"@id\":\"https:\/\/rohr.ch\/en\/produit\/tiles\/#primaryimage\"},\"thumbnailUrl\":\"https:\/\/rohr.ch\/wp-content\/uploads\/2022\/10\/Famille-Pave\u0301s-Glace\u0301s-Edit-scaled.jpg\",\"datePublished\":\"2022-10-27T08:04:37+00:00\",\"dateModified\":\"2024-05-07T09:41:50+00:00\",\"breadcrumb\":{\"@id\":\"https:\/\/rohr.ch\/en\/produit\/tiles\/#breadcrumb\"},\"inLanguage\":\"en-US\",\"potentialAction\":[{\"@type\":\"ReadAction\",\"target\":[\"https:\/\/rohr.ch\/en\/produit\/tiles\/\"]}]},{\"@type\":\"ImageObject\",\"inLanguage\":\"en-US\",\"@id\":\"https:\/\/rohr.ch\/en\/produit\/tiles\/#primaryimage\",\"url\":\"https:\/\/rohr.ch\/wp-content\/uploads\/2022\/10\/Famille-Pave\u0301s-Glace\u0301s-Edit-scaled.jpg\",\"contentUrl\":\"https:\/\/rohr.ch\/wp-content\/uploads\/2022\/10\/Famille-Pave\u0301s-Glace\u0301s-Edit-scaled.jpg\",\"width\":2560,\"height\":2560},{\"@type\":\"BreadcrumbList\",\"@id\":\"https:\/\/rohr.ch\/en\/produit\/tiles\/#breadcrumb\",\"itemListElement\":[{\"@type\":\"ListItem\",\"position\":1,\"name\":\"Accueil\",\"item\":\"https:\/\/rohr.ch\/en\/chocolaterie-rohr-geneva\/\"},{\"@type\":\"ListItem\",\"position\":2,\"name\":\"Shop\",\"item\":\"https:\/\/rohr.ch\/en\/shop-2\/\"},{\"@type\":\"ListItem\",\"position\":3,\"name\":\"Pav\u00e9s\"}]},{\"@type\":\"WebSite\",\"@id\":\"https:\/\/rohr.ch\/en\/#website\",\"url\":\"https:\/\/rohr.ch\/en\/\",\"name\":\"Chocolaterie Rohr\",\"description\":\"Votre chocolaterie sur Gen\u00e8ve\",\"potentialAction\":[{\"@type\":\"SearchAction\",\"target\":{\"@type\":\"EntryPoint\",\"urlTemplate\":\"https:\/\/rohr.ch\/en\/?s={search_term_string}\"},\"query-input\":{\"@type\":\"PropertyValueSpecification\",\"valueRequired\":true,\"valueName\":\"search_term_string\"}}],\"inLanguage\":\"en-US\"}]}<\/script>\n<!-- \/ Yoast SEO plugin. -->","yoast_head_json":{"title":"Pav\u00e9s - Chocolaterie Rohr","robots":{"index":"index","follow":"follow","max-snippet":"max-snippet:-1","max-image-preview":"max-image-preview:large","max-video-preview":"max-video-preview:-1"},"canonical":"https:\/\/rohr.ch\/en\/produit\/tiles\/","og_locale":"en_US","og_type":"article","og_title":"Pav\u00e9s - Chocolaterie Rohr","og_description":"Mr. Stankovitch crafted the &#8216;pav\u00e9 glac\u00e9&#8217; (coated tile) in 1936 at the Rangel confectionery on rue de la Corraterie. As a part of their collaboration, my grandfather Hans Rohr was graciously provided with the recipe. He started making this specialty in that very year. For over 70 years, Rohr has remained the sole producer of [&hellip;]","og_url":"https:\/\/rohr.ch\/en\/produit\/tiles\/","og_site_name":"Chocolaterie Rohr","article_modified_time":"2024-05-07T09:41:50+00:00","og_image":[{"width":2560,"height":2560,"url":"https:\/\/rohr.ch\/wp-content\/uploads\/2022\/10\/Famille-Pave\u0301s-Glace\u0301s-Edit-scaled.jpg","type":"image\/jpeg"}],"twitter_card":"summary_large_image","schema":{"@context":"https:\/\/schema.org","@graph":[{"@type":"WebPage","@id":"https:\/\/rohr.ch\/en\/produit\/tiles\/","url":"https:\/\/rohr.ch\/en\/produit\/tiles\/","name":"Pav\u00e9s - Chocolaterie Rohr","isPartOf":{"@id":"https:\/\/rohr.ch\/en\/#website"},"primaryImageOfPage":{"@id":"https:\/\/rohr.ch\/en\/produit\/tiles\/#primaryimage"},"image":{"@id":"https:\/\/rohr.ch\/en\/produit\/tiles\/#primaryimage"},"thumbnailUrl":"https:\/\/rohr.ch\/wp-content\/uploads\/2022\/10\/Famille-Pave\u0301s-Glace\u0301s-Edit-scaled.jpg","datePublished":"2022-10-27T08:04:37+00:00","dateModified":"2024-05-07T09:41:50+00:00","breadcrumb":{"@id":"https:\/\/rohr.ch\/en\/produit\/tiles\/#breadcrumb"},"inLanguage":"en-US","potentialAction":[{"@type":"ReadAction","target":["https:\/\/rohr.ch\/en\/produit\/tiles\/"]}]},{"@type":"ImageObject","inLanguage":"en-US","@id":"https:\/\/rohr.ch\/en\/produit\/tiles\/#primaryimage","url":"https:\/\/rohr.ch\/wp-content\/uploads\/2022\/10\/Famille-Pave\u0301s-Glace\u0301s-Edit-scaled.jpg","contentUrl":"https:\/\/rohr.ch\/wp-content\/uploads\/2022\/10\/Famille-Pave\u0301s-Glace\u0301s-Edit-scaled.jpg","width":2560,"height":2560},{"@type":"BreadcrumbList","@id":"https:\/\/rohr.ch\/en\/produit\/tiles\/#breadcrumb","itemListElement":[{"@type":"ListItem","position":1,"name":"Accueil","item":"https:\/\/rohr.ch\/en\/chocolaterie-rohr-geneva\/"},{"@type":"ListItem","position":2,"name":"Shop","item":"https:\/\/rohr.ch\/en\/shop-2\/"},{"@type":"ListItem","position":3,"name":"Pav\u00e9s"}]},{"@type":"WebSite","@id":"https:\/\/rohr.ch\/en\/#website","url":"https:\/\/rohr.ch\/en\/","name":"Chocolaterie Rohr","description":"Votre chocolaterie sur Gen\u00e8ve","potentialAction":[{"@type":"SearchAction","target":{"@type":"EntryPoint","urlTemplate":"https:\/\/rohr.ch\/en\/?s={search_term_string}"},"query-input":{"@type":"PropertyValueSpecification","valueRequired":true,"valueName":"search_term_string"}}],"inLanguage":"en-US"}]}},"_links":{"self":[{"href":"https:\/\/rohr.ch\/en\/wp-json\/wp\/v2\/product\/11494"}],"collection":[{"href":"https:\/\/rohr.ch\/en\/wp-json\/wp\/v2\/product"}],"about":[{"href":"https:\/\/rohr.ch\/en\/wp-json\/wp\/v2\/types\/product"}],"wp:featuredmedia":[{"embeddable":true,"href":"https:\/\/rohr.ch\/en\/wp-json\/wp\/v2\/media\/10930"}],"wp:attachment":[{"href":"https:\/\/rohr.ch\/en\/wp-json\/wp\/v2\/media?parent=11494"}],"wp:term":[{"taxonomy":"product_cat","embeddable":true,"href":"https:\/\/rohr.ch\/en\/wp-json\/wp\/v2\/product_cat?post=11494"},{"taxonomy":"product_tag","embeddable":true,"href":"https:\/\/rohr.ch\/en\/wp-json\/wp\/v2\/product_tag?post=11494"}],"curies":[{"name":"wp","href":"https:\/\/api.w.org\/{rel}","templated":true}]}}